{"id":1400,"date":"2024-06-11T10:40:59","date_gmt":"2024-06-11T10:40:59","guid":{"rendered":"https:\/\/cam.panocam.it\/index.php\/gemona\/"},"modified":"2024-06-11T10:41:13","modified_gmt":"2024-06-11T10:41:13","slug":"gemona","status":"publish","type":"page","link":"https:\/\/cam.panocam.it\/index.php\/gemona\/","title":{"rendered":"Gemona"},"content":{"rendered":"\n  \n    <section class=\"u-border-2 u-border-custom-color-1 u-border-no-bottom u-border-no-left u-border-no-right u-clearfix u-gradient u-section-1\" id=\"sec-6aa5\">\n      <div class=\"u-clearfix u-sheet u-sheet-1\">\n        <a href=\"https:\/\/cam.panocam.it\/index.php\/gemona\/#sec-421a\" class=\"u-border-none u-btn u-btn-round u-button-style u-custom-color-1 u-hover-palette-3-base u-radius-50 u-btn-1\"><span class=\"u-file-icon u-icon u-text-white u-icon-1\"><img decoding=\"async\" src=\"https:\/\/cam.panocam.it\/wp-content\/uploads\/2024\/06\/774cf7dd-1.png\" alt=\"\"><\/span>&nbsp;VAI AL LIVE\n        <\/a>\n        <p class=\"u-align-center-xs u-align-left-lg u-align-left-md u-align-left-sm u-align-left-xl u-text u-text-default u-text-white u-text-1\"><span class=\"u-file-icon u-icon u-icon-2\"><img decoding=\"async\" src=\"https:\/\/cam.panocam.it\/wp-content\/uploads\/2024\/06\/8363212-1.png\" alt=\"\"><\/span>&nbsp;Gemona del Friuli UD&nbsp; &nbsp;&nbsp;<span class=\"u-file-icon u-icon u-icon-3\"><img decoding=\"async\" src=\"https:\/\/cam.panocam.it\/wp-content\/uploads\/2024\/06\/6941697-1.png\" alt=\"\"><\/span>&nbsp;GOLD <br>Panocam\n        <\/p>\n      <\/div>\n    <\/section>\n    <section class=\"u-border-3 u-border-custom-color-1 u-border-no-left u-border-no-right u-border-no-top u-clearfix u-grey-70 u-section-2\" id=\"sec-94bd\">\n      <div class=\"u-clearfix u-sheet u-valign-middle-md u-valign-middle-xs u-sheet-1\">\n        <div class=\"u-border-2 u-border-grey-70 u-container-style u-expanded-width u-gradient u-group u-radius-25 u-shape-round u-group-1\">\n          <div class=\"u-container-layout u-container-layout-1\">\n            <div class=\"u-clearfix u-custom-html u-expanded-width u-custom-html-1\">\n              <style><<!-- webcam.io widget -->\n<script type=\"text\/javascript\">window.timelapseview_options=window.timelapseview_options || {};window.timelapseview_options[\"kJgxY\"] = {\"e\":\"MmD5Dz\",\"t\":\"7\"};<\/script><script src=\"https:\/\/webcam.io\/s\/widget-v1_03.load.js?i=kJgxY\" async><\/script>\n<!-- end webcam.io widget --><\/div><\/style>\n            <\/div>\n            <div class=\"u-align-center u-clearfix u-custom-html u-custom-html-2\">\n              <img decoding=\"async\" src=\"https:\/\/assets4.webcam.io\/w\/Mp6pgP\/\/latest_hd.jpg\" name=\"refresh\" width=\"100%\">\n              <p><\/p>\n              <script language=\"JavaScript\" type=\"text\/javascript\"> <!-- \n      image = \"https:\/\/assets4.webcam.io\/w\/Mp6pgP\/\/latest_hd.jpg\" \/\/name of the image \n      function Reload() { \n      tmp = new Date(); \n      tmp = \"?\"+tmp.getTime() \n      document.images[\"refresh\"].src = image+tmp \n      setTimeout(\"Reload()\",7000) \n      } \n      Reload(); \n      \/\/ --> <\/script>\n            <\/div>\n            <p class=\"u-align-center u-text u-text-grey-50 u-text-1\"><span class=\"u-file-icon u-icon u-text-custom-color-1\"><img decoding=\"async\" src=\"https:\/\/cam.panocam.it\/wp-content\/uploads\/2024\/06\/a9655503-1.png\" alt=\"\"><\/span>&nbsp;Scatto ogni minuto\n            <\/p>\n          <\/div>\n        <\/div>\n      <\/div>\n    <\/section>\n    <section class=\"u-border-3 u-border-custom-color-1 u-border-no-left u-border-no-right u-border-no-top u-clearfix u-grey-70 u-section-3\" id=\"sec-f211\">\n      <div class=\"u-clearfix u-sheet u-valign-middle-sm u-valign-middle-xl u-valign-middle-xs u-sheet-1\">\n        <div class=\"u-clearfix u-expanded-width u-gutter-14 u-layout-wrap u-layout-wrap-1\">\n          <div class=\"u-layout\">\n            <div class=\"u-layout-row\">\n              <div class=\"u-align-center u-container-style u-grey-5 u-layout-cell u-radius-20 u-shape-round u-size-20 u-layout-cell-1\">\n                <div class=\"u-container-layout u-container-layout-1\">\n                  <p class=\"u-align-center u-text u-text-default u-text-grey-50 u-text-1\">\n                    <a class=\"u-active-none u-border-none u-btn u-button-link u-button-style u-dialog-link u-hover-none u-none u-text-grey-40 u-btn-1\" href=\"#carousel_2d34\"><span class=\"u-file-icon u-icon u-text-custom-color-1\"><img decoding=\"async\" src=\"https:\/\/cam.panocam.it\/wp-content\/uploads\/2024\/06\/81a398c4-1.png\" alt=\"\"><\/span>&nbsp;Time Lapse Alba&nbsp;<span class=\"u-file-icon u-icon u-text-custom-color-1\"><img decoding=\"async\" src=\"https:\/\/cam.panocam.it\/wp-content\/uploads\/2024\/06\/00c3179b-1.png\" alt=\"\"><\/span>\n                    <\/a>\n                  <\/p>\n                  <div class=\"u-align-center-lg u-align-center-md u-align-center-sm u-align-center-xs u-clearfix u-custom-html u-expanded-width-sm u-expanded-width-xs u-custom-html-1\"><!-- webcam.io widget -->\n                    <script type=\"text\/javascript\">window.timelapseview_options=window.timelapseview_options || {};window.timelapseview_options[\"Lfr4t\"] = {\"e\":\"Mp6pgP\",\"t\":\"1\",\"x\":\"100%\",\"y\":\"210\",\"bc\":\"f2f2f2\",\"nc\":true,\"r\":\"sunrise\"};<\/script>\n                    <script src=\"https:\/\/webcam.io\/s\/widget-v1_03.load.js?i=Lfr4t\" async=\"async\"><\/script><!-- end webcam.io widget -->\n                  <\/div>\n                <\/div>\n              <\/div>\n              <div class=\"u-container-style u-grey-5 u-layout-cell u-radius-20 u-shape-round u-size-20 u-layout-cell-2\">\n                <div class=\"u-container-layout u-container-layout-2\">\n                  <p class=\"u-align-center u-text u-text-default u-text-grey-50 u-text-2\">\n                    <a class=\"u-active-none u-border-none u-btn u-button-link u-button-style u-dialog-link u-hover-none u-none u-text-grey-40 u-btn-2\" href=\"#carousel_9c4d\">&nbsp;<span class=\"u-file-icon u-icon u-text-custom-color-1\"><img decoding=\"async\" src=\"https:\/\/cam.panocam.it\/wp-content\/uploads\/2024\/06\/81a398c4-1.png\" alt=\"\"><\/span>&nbsp;Time Lapse Giorno&nbsp;<span class=\"u-file-icon u-icon u-text-custom-color-1\"><img decoding=\"async\" src=\"https:\/\/cam.panocam.it\/wp-content\/uploads\/2024\/06\/00c3179b-1.png\" alt=\"\"><\/span>\n                    <\/a>\n                  <\/p>\n                  <div class=\"u-align-center-lg u-align-center-md u-align-center-sm u-align-center-xs u-clearfix u-custom-html u-expanded-width-sm u-expanded-width-xs u-custom-html-2\"><!-- webcam.io widget -->\n                    <script type=\"text\/javascript\">window.timelapseview_options=window.timelapseview_options || {};window.timelapseview_options[\"5cPxu\"] = {\"e\":\"Mp6pgP\",\"t\":\"1\",\"x\":\"100%\",\"y\":\"210\",\"bc\":\"f2f2f2\",\"nc\":true,\"r\":\"day\"};<\/script>\n                    <script src=\"https:\/\/webcam.io\/s\/widget-v1_03.load.js?i=5cPxu\" async=\"async\"><\/script><!-- end webcam.io widget -->\n                  <\/div>\n                <\/div>\n              <\/div>\n              <div class=\"u-container-style u-grey-5 u-layout-cell u-radius-20 u-shape-round u-size-20 u-layout-cell-3\">\n                <div class=\"u-container-layout u-container-layout-3\">\n                  <p class=\"u-align-center u-text u-text-default u-text-grey-50 u-text-3\">\n                    <a class=\"u-active-none u-border-none u-btn u-button-link u-button-style u-dialog-link u-hover-none u-none u-text-grey-40 u-btn-3\" href=\"#carousel_05c7\"><span class=\"u-file-icon u-icon u-text-custom-color-1\"><img decoding=\"async\" src=\"https:\/\/cam.panocam.it\/wp-content\/uploads\/2024\/06\/81a398c4-1.png\" alt=\"\"><\/span>&nbsp;Time Lapse Tramonto&nbsp;<span class=\"u-file-icon u-icon u-text-custom-color-1\"><img decoding=\"async\" src=\"https:\/\/cam.panocam.it\/wp-content\/uploads\/2024\/06\/00c3179b-1.png\" alt=\"\"><\/span>\n                    <\/a>\n                  <\/p>\n                  <div class=\"u-align-center-lg u-align-center-md u-align-center-sm u-align-center-xs u-clearfix u-custom-html u-expanded-width-sm u-expanded-width-xs u-custom-html-3\"><!-- webcam.io widget -->\n                    <script type=\"text\/javascript\">window.timelapseview_options=window.timelapseview_options || {};window.timelapseview_options[\"Owxef\"] = {\"e\":\"Mp6pgP\",\"t\":\"1\",\"x\":\"100%\",\"y\":\"210\",\"bc\":\"f2f2f2\",\"nc\":true,\"r\":\"sunset\"};<\/script>\n                    <script src=\"https:\/\/webcam.io\/s\/widget-v1_03.load.js?i=Owxef\" async=\"async\"><\/script><!-- end webcam.io widget -->\n                  <\/div>\n                <\/div>\n              <\/div>\n            <\/div>\n          <\/div>\n        <\/div>\n      <\/div>\n    <\/section>\n    <section class=\"u-border-3 u-border-custom-color-1 u-border-no-left u-border-no-right u-border-no-top u-clearfix u-grey-70 u-section-4\" id=\"carousel_8a11\">\n      <div class=\"u-clearfix u-sheet u-valign-middle-sm u-valign-middle-xl u-valign-middle-xs u-sheet-1\">\n        <div class=\"u-clearfix u-expanded-width u-gutter-14 u-layout-wrap u-layout-wrap-1\">\n          <div class=\"u-layout\">\n            <div class=\"u-layout-row\">\n              <div class=\"u-align-center u-container-style u-grey-5 u-layout-cell u-radius-20 u-shape-round u-size-20 u-layout-cell-1\">\n                <div class=\"u-container-layout u-container-layout-1\">\n                  <p class=\"u-align-center u-text u-text-default u-text-grey-50 u-text-1\">\n                    <a class=\"u-active-none u-border-none u-btn u-button-link u-button-style u-dialog-link u-hover-none u-none u-text-grey-40 u-btn-1\" href=\"#carousel_93ea\"><span class=\"u-file-icon u-icon u-text-custom-color-1\"><img decoding=\"async\" src=\"https:\/\/cam.panocam.it\/wp-content\/uploads\/2024\/06\/81a398c4-1.png\" alt=\"\"><\/span>&nbsp;Time Lapse Notte&nbsp;<span class=\"u-file-icon u-icon u-text-custom-color-1\"><img decoding=\"async\" src=\"https:\/\/cam.panocam.it\/wp-content\/uploads\/2024\/06\/00c3179b-1.png\" alt=\"\"><\/span>\n                    <\/a>\n                  <\/p>\n                  <div class=\"u-align-center-lg u-align-center-md u-align-center-sm u-align-center-xs u-clearfix u-custom-html u-expanded-width-sm u-expanded-width-xs u-custom-html-1\"><!-- webcam.io widget -->\n                    <script type=\"text\/javascript\">window.timelapseview_options=window.timelapseview_options || {};window.timelapseview_options[\"ZMgQJ\"] = {\"e\":\"Mp6pgP\",\"t\":\"1\",\"x\":\"100%\",\"y\":\"210\",\"bc\":\"f2f2f2\",\"nc\":true,\"r\":\"night\"};<\/script>\n                    <script src=\"https:\/\/webcam.io\/s\/widget-v1_03.load.js?i=ZMgQJ\" async=\"async\"><\/script><!-- end webcam.io widget -->\n                  <\/div>\n                <\/div>\n              <\/div>\n              <div class=\"u-container-style u-grey-5 u-layout-cell u-radius-20 u-shape-round u-size-20 u-layout-cell-2\">\n                <div class=\"u-container-layout u-container-layout-2\">\n                  <p class=\"u-align-center u-text u-text-default u-text-grey-50 u-text-2\">\n                    <a class=\"u-active-none u-border-none u-btn u-button-link u-button-style u-dialog-link u-hover-none u-none u-text-grey-40 u-btn-2\" href=\"#carousel_e17c\">&nbsp;<span class=\"u-file-icon u-icon u-text-custom-color-1\"><img decoding=\"async\" src=\"https:\/\/cam.panocam.it\/wp-content\/uploads\/2024\/06\/81a398c4-1.png\" alt=\"\"><\/span>&nbsp;Time Lapse Oggi&nbsp;<span class=\"u-file-icon u-icon u-text-custom-color-1\"><img decoding=\"async\" src=\"https:\/\/cam.panocam.it\/wp-content\/uploads\/2024\/06\/00c3179b-1.png\" alt=\"\"><\/span>\n                    <\/a>\n                  <\/p>\n                  <div class=\"u-align-center-lg u-align-center-md u-align-center-sm u-align-center-xs u-clearfix u-custom-html u-expanded-width-sm u-expanded-width-xs u-custom-html-2\"><!-- webcam.io widget -->\n                    <script type=\"text\/javascript\">window.timelapseview_options=window.timelapseview_options || {};window.timelapseview_options[\"2WJ1W\"] = {\"e\":\"Mp6pgP\",\"t\":\"1\",\"x\":\"100%\",\"y\":\"210\",\"bc\":\"f2f2f2\",\"nc\":true,\"r\":\"day\"};<\/script>\n                    <script src=\"https:\/\/webcam.io\/s\/widget-v1_03.load.js?i=2WJ1W\" async=\"async\"><\/script><!-- end webcam.io widget -->\n                  <\/div>\n                <\/div>\n              <\/div>\n              <div class=\"u-container-style u-grey-5 u-layout-cell u-radius-20 u-shape-round u-size-20 u-layout-cell-3\">\n                <div class=\"u-container-layout u-container-layout-3\">\n                  <p class=\"u-align-center u-text u-text-default u-text-grey-50 u-text-3\">\n                    <a class=\"u-active-none u-border-none u-btn u-button-link u-button-style u-dialog-link u-hover-none u-none u-text-grey-40 u-btn-3\" href=\"#carousel_36f9\"><span class=\"u-file-icon u-icon u-text-custom-color-1\"><img decoding=\"async\" src=\"https:\/\/cam.panocam.it\/wp-content\/uploads\/2024\/06\/81a398c4-1.png\" alt=\"\"><\/span>&nbsp;Time Lapse 24 ore&nbsp;<span class=\"u-file-icon u-icon u-text-custom-color-1\"><img decoding=\"async\" src=\"https:\/\/cam.panocam.it\/wp-content\/uploads\/2024\/06\/00c3179b-1.png\" alt=\"\"><\/span>\n                    <\/a>\n                  <\/p>\n                  <div class=\"u-align-center-lg u-align-center-md u-align-center-sm u-align-center-xs u-clearfix u-custom-html u-expanded-width-sm u-expanded-width-xs u-custom-html-3\"><!-- webcam.io widget -->\n                    <script type=\"text\/javascript\">window.timelapseview_options=window.timelapseview_options || {};window.timelapseview_options[\"0Ii8B\"] = {\"e\":\"Mp6pgP\",\"t\":\"1\",\"x\":\"100%\",\"y\":\"210\",\"bc\":\"f2f2f2\",\"nc\":true,\"r\":\"24-hours\"};<\/script>\n                    <script src=\"https:\/\/webcam.io\/s\/widget-v1_03.load.js?i=0Ii8B\" async=\"async\"><\/script><!-- end webcam.io widget -->\n                  <\/div>\n                <\/div>\n              <\/div>\n            <\/div>\n          <\/div>\n        <\/div>\n      <\/div>\n    <\/section>\n    <section class=\"u-border-3 u-border-custom-color-1 u-border-no-left u-border-no-right u-border-no-top u-clearfix u-grey-75 u-section-5\" id=\"sec-421a\">\n      <div class=\"u-clearfix u-sheet u-sheet-1\">\n        <p class=\"u-align-center u-text u-text-default u-text-grey-15 u-text-1\"><span class=\"u-icon\"><\/span>&nbsp; <span class=\"u-file-icon u-icon u-text-custom-color-1 u-icon-2\"><img decoding=\"async\" src=\"https:\/\/cam.panocam.it\/wp-content\/uploads\/2024\/06\/f11a9f92-1.png\" alt=\"\"><\/span>&nbsp;DIRETTA LIVE\n        <\/p>\n        <div class=\"u-expanded-width u-video u-video-contain u-video-1\">\n          <div class=\"embed-responsive embed-responsive-1\">\n            <iframe style=\"position: absolute;top: 0;left: 0;width: 100%;height: 100%;\" class=\"embed-responsive-item\" src=\"https:\/\/www.youtube.com\/embed\/qpIYKWNwA4U?mute=1&amp;showinfo=0&amp;controls=1&amp;start=0&amp;autoplay=1\" data-autoplay=\"1\" frameborder=\"0\" allowfullscreen=\"\"><\/iframe>\n          <\/div>\n        <\/div>\n        <a href=\"https:\/\/youtube.com\/playlist?list=PLchhKiddHbLB0FMdzOyU6CQyUzxWPMglB\" class=\"u-align-center u-border-none u-btn u-btn-round u-button-style u-custom-color-1 u-hover-palette-3-base u-radius-50 u-text-body-alt-color u-text-hover-white u-btn-1\" target=\"_blank\"><span class=\"u-file-icon u-icon u-text-white\"><img decoding=\"async\" src=\"https:\/\/cam.panocam.it\/wp-content\/uploads\/2024\/06\/ea8e1d31-1.png\" alt=\"\"><\/span>&nbsp;TIMELAPSE GIORNALIERI\n        <\/a>\n      <\/div>\n    <\/section>\n    <section class=\"u-clearfix u-section-6\" id=\"sec-4bda\">\n      <div class=\"u-expanded u-grey-10 u-map\">\n        <div class=\"embed-responsive\">\n          <iframe frameborder=\"0\" class=\"embed-responsive-item map-content\" data-map=\"JTdCJTIycG9zaXRpb25UeXBlJTIyJTNBJTIybWFwLXBvaW50JTIyJTJDJTIyYWRkcmVzcyUyMiUzQSUyMk1hbmhhdHRhbiUyMiUyQyUyMnpvb20lMjIlM0ExNCUyQyUyMnR5cGVJZCUyMiUzQSUyMnNhdGVsbGl0ZSUyMiUyQyUyMmxhbmclMjIlM0FudWxsJTJDJTIyYXBpS2V5JTIyJTNBJTIyQUl6YVN5QW9HbGtxd0JtNHJPam9HWlVyQWRzcFpmWEtKZDZGcUJFJTIyJTJDJTIybWFya2VycyUyMiUzQSU1QiU3QiUyMnBvc2l0aW9uJTIyJTNBJTdCJTIybGF0JTIyJTNBNDYuMjc1NTk2NDQzODEyMTIlMkMlMjJsbmclMjIlM0ExMy4xNDE4MjYzOTEyMjAwOTMlN0QlMkMlMjJ0aXRsZSUyMiUzQSUyMiUyMiUyQyUyMmRlc2NyaXB0aW9uJTIyJTNBJTIyJTIyJTJDJTIybGlua1VybCUyMiUzQSUyMiUyMiUyQyUyMmxpbmtDYXB0aW9uJTIyJTNBJTIyJTIyJTJDJTIyem9vbSUyMiUzQTE5JTdEJTVEJTdE\"><\/iframe>\n          <div class=\"u-secured-comment-wrapped u-secured-script\" style=\"display: none;\"><!-- window.loadMapsContent && loadMapsContent(); --><\/div>\n        <\/div>\n      <\/div>\n      <div class=\"u-align-left u-border-2 u-border-grey-75 u-container-style u-expanded-width-xs u-grey-50 u-group u-group-1\">\n        <div class=\"u-container-layout u-container-layout-1\">\n          <h2 class=\"u-text u-text-custom-color-1 u-text-1\">Gemona del Friuli UD<\/h2>\n          <p class=\"u-text u-text-grey-5 u-text-2\"> Citt\u00e0 di circa 11.000 abitanti \u00e8 posta a ridosso delle Prealpi Giulie, nella regione Friuli Venezia Giulia (Italia). &nbsp;Di origine preromana, \u00e8 menzionata da Paolo Diacono nell\u2019Historia Langobardorum per essere uno dei castelli che nel 611 furono fortificati dai Longobardi contro gli Avari invasori. Fu \u201clibera comunit\u00e0\u201d con propri statuti gi\u00e0 dalla fine del secolo XII.Nel maggio 1976 fu l\u2019epicentro di un catastrofico terremoto che la rase completamente al suolo. Fu ricostruita per intero in meno di 10 anni e ancora oggi la ricostruzione di&nbsp;Gemona&nbsp;e dei paesi limitrofi viene ricordata come il \u201cModello Friuli\u201d. Attualmente&nbsp;Gemona&nbsp;del Friuli \u00e8 un punto di riferimento per gli amanti che praticano sport come ad esempio Mountain Bike, Trekking, &nbsp;volo a vela ecc.. Durante l\u2019anno ospita numerose manifestazioni culturali.<\/p>\n        <\/div>\n      <\/div>\n    <\/section>\n    <section class=\"u-border-3 u-border-custom-color-1 u-border-no-left u-border-no-right u-clearfix u-image u-shading u-section-7\" id=\"carousel_dfe4\" data-image-width=\"1182\" data-image-height=\"665\" style=\"background-image: linear-gradient(0deg, rgba(0, 0, 0, 0.15), rgba(0, 0, 0, 0.15)), url(&quot;https:\/\/cam.panocam.it\/wp-content\/uploads\/2024\/06\/mfriuli2-1.jpg&quot;);\">\n      <div class=\"u-clearfix u-sheet u-valign-middle u-sheet-1\">\n        <div class=\"u-align-center u-border-6 u-border-white u-container-style u-expanded-width-xs u-group u-opacity u-opacity-15 u-group-1\">\n          <div class=\"u-container-layout u-valign-top u-container-layout-1\">\n            <img decoding=\"async\" class=\"u-image u-image-contain u-image-default u-image-1\" src=\"https:\/\/cam.panocam.it\/wp-content\/uploads\/2024\/06\/panocam2023-1.png\" alt=\"\" data-image-width=\"867\" data-image-height=\"188\">\n            <h1 class=\"u-custom-font u-font-playfair-display u-text u-title u-text-1\"><b>Condividi<\/b>&nbsp;con il mond\u200bo&nbsp;<b>i tuoi luoghi<\/b>\n            <\/h1>\n            <a href=\"https:\/\/panocam.it\" class=\"u-border-none u-btn u-btn-round u-button-style u-custom-color-1 u-hover-palette-3-base u-radius-50 u-btn-1\"> &nbsp;visita il sito<\/a>\n          <\/div>\n        <\/div>\n      <\/div>\n    <\/section>\n    <section class=\"u-clearfix u-grey-75 u-section-8\" id=\"sec-2787\">\n      <div class=\"u-clearfix u-sheet u-sheet-1\"><\/div>\n    <\/section>\n    \n    \n    \n    \n    \n    \n    \n    \n    \n    \n    \n    \n    \n    \n    \n    \n    \n    \n    \n    \n    \n    \n    \n    \n    \n    \n    \n    \n    \n    \n    \n    \n    \n    \n    \n    \n    \n    \n    \n    \n  \n","protected":false},"excerpt":{"rendered":"<p>&nbsp;VAI AL LIVE &nbsp;Gemona del Friuli UD&nbsp; &nbsp;&nbsp;&nbsp;GOLD Panocam &nbsp;Scatto ogni minuto &nbsp;Time Lapse Alba&nbsp; &nbsp;&nbsp;Time Lapse Giorno&nbsp; &nbsp;Time Lapse Tramonto&nbsp; &nbsp;Time Lapse Notte&nbsp; &nbsp;&nbsp;Time Lapse Oggi&nbsp; &nbsp;Time Lapse 24 ore&nbsp; &nbsp; &nbsp;DIRETTA LIVE &nbsp;TIMELAPSE GIORNALIERI Gemona del Friuli UD Citt\u00e0 di circa 11.000 abitanti \u00e8 posta a ridosso delle Prealpi Giulie, nella regione Friuli &hellip; <a href=\"https:\/\/cam.panocam.it\/index.php\/gemona\/\" class=\"more-link\">Continue reading<span class=\"screen-reader-text\"> &#8220;Gemona&#8221;<\/span><\/a><\/p>\n","protected":false},"author":1,"featured_media":0,"parent":0,"menu_order":2,"comment_status":"closed","ping_status":"closed","template":"","meta":{"footnotes":""},"class_list":["post-1400","page","type-page","status-publish","hentry"],"_links":{"self":[{"href":"https:\/\/cam.panocam.it\/index.php\/wp-json\/wp\/v2\/pages\/1400","targetHints":{"allow":["GET"]}}],"collection":[{"href":"https:\/\/cam.panocam.it\/index.php\/wp-json\/wp\/v2\/pages"}],"about":[{"href":"https:\/\/cam.panocam.it\/index.php\/wp-json\/wp\/v2\/types\/page"}],"author":[{"embeddable":true,"href":"https:\/\/cam.panocam.it\/index.php\/wp-json\/wp\/v2\/users\/1"}],"replies":[{"embeddable":true,"href":"https:\/\/cam.panocam.it\/index.php\/wp-json\/wp\/v2\/comments?post=1400"}],"version-history":[{"count":1,"href":"https:\/\/cam.panocam.it\/index.php\/wp-json\/wp\/v2\/pages\/1400\/revisions"}],"predecessor-version":[{"id":1420,"href":"https:\/\/cam.panocam.it\/index.php\/wp-json\/wp\/v2\/pages\/1400\/revisions\/1420"}],"wp:attachment":[{"href":"https:\/\/cam.panocam.it\/index.php\/wp-json\/wp\/v2\/media?parent=1400"}],"curies":[{"name":"wp","href":"https:\/\/api.w.org\/{rel}","templated":true}]}}